{"id":4,"date":"2023-02-03T16:56:30","date_gmt":"2023-02-03T16:56:30","guid":{"rendered":"https:\/\/kpughste.de\/?page_id=4"},"modified":"2023-12-30T13:40:34","modified_gmt":"2023-12-30T13:40:34","slug":"willkommen-auf-https-kpughste-de","status":"publish","type":"page","link":"https:\/\/kpughste.de\/","title":{"rendered":"Willkommen auf kpughste.de"},"content":{"rendered":"\n<figure class=\"wp-block-image size-large is-resized\"><img decoding=\"async\" loading=\"lazy\" src=\"https:\/\/kpughste.de\/wp-content\/uploads\/2023\/02\/IMG_1517-edited.jpeg\" alt=\"\" class=\"wp-image-31\" width=\"1024\" height=\"640\" srcset=\"https:\/\/kpughste.de\/wp-content\/uploads\/2023\/02\/IMG_1517-edited.jpeg 2048w, https:\/\/kpughste.de\/wp-content\/uploads\/2023\/02\/IMG_1517-edited-300x188.jpeg 300w, https:\/\/kpughste.de\/wp-content\/uploads\/2023\/02\/IMG_1517-edited-1024x640.jpeg 1024w, https:\/\/kpughste.de\/wp-content\/uploads\/2023\/02\/IMG_1517-edited-768x480.jpeg 768w, https:\/\/kpughste.de\/wp-content\/uploads\/2023\/02\/IMG_1517-edited-1536x960.jpeg 1536w, https:\/\/kpughste.de\/wp-content\/uploads\/2023\/02\/IMG_1517-edited-436x272.jpeg 436w\" sizes=\"(max-width: 1024px) 100vw, 1024px\" \/><figcaption class=\"wp-element-caption\">Ob Brawa, Fleischmann, Roco, Tillig, Trix oder doch der eigene 3D-Drucker &#8211; die Sammlung w\u00e4chst &#8230; die T3 von Trix erprobt den hier abgebildeten VO-Prototyp aus dem 3D-Drucker.<\/figcaption><\/figure>\n\n\n\n<p>Hallo,<\/p>\n\n\n\n<p>ich bin eingefleischter Bahnfan. Mein besonderes Interesse gilt der Zeit kurz vor dem 1. Weltkrieg &#8211; also um 1914.<\/p>\n\n\n\n<p>Und so kam es, wie es kommen musste &#8211; ich plane eine H0-Modellbahnanlage in der Epoche I. Sie soll im Keller entstehen. Als Vorbildregion dient S\u00fcdhessen. Die Vorbildsituation soll nicht ma\u00dfst\u00e4blich umgesetzt werden, sondern an ein fiktives Vorbild angelehnt werden.<\/p>\n\n\n\n<p>Bis es so weit ist, darf die Modellbahnsammlung an ausgew\u00e4hlten Tagen auf dem Fu\u00dfboden fahren.<\/p>\n\n\n\n<p>Die Seite muss noch entstehen. Daher bitte ich um Geduld. Nachfolgend gibt es einen kleinen Vorgeschmack.<\/p>\n\n\n\n<p>Gr\u00fc\u00dfe, Euer KPuGHStE<\/p>\n\n\n\n<figure class=\"wp-block-image size-large\"><img decoding=\"async\" loading=\"lazy\" width=\"2048\" height=\"1280\" src=\"https:\/\/kpughste.de\/wp-content\/uploads\/2023\/02\/IMG_5046-edited.jpeg\" alt=\"\" class=\"wp-image-53\" srcset=\"https:\/\/kpughste.de\/wp-content\/uploads\/2023\/02\/IMG_5046-edited.jpeg 2048w, https:\/\/kpughste.de\/wp-content\/uploads\/2023\/02\/IMG_5046-edited-300x188.jpeg 300w, https:\/\/kpughste.de\/wp-content\/uploads\/2023\/02\/IMG_5046-edited-1024x640.jpeg 1024w, https:\/\/kpughste.de\/wp-content\/uploads\/2023\/02\/IMG_5046-edited-768x480.jpeg 768w, https:\/\/kpughste.de\/wp-content\/uploads\/2023\/02\/IMG_5046-edited-1536x960.jpeg 1536w\" sizes=\"(max-width: 2048px) 100vw, 2048px\" \/><figcaption class=\"wp-element-caption\">Eine G12 von Trix hat soeben mit einem Ng den Bahnhof erreicht und wird sogleich rangieren. Dass die G12 erst ab 1917 gebaut wurde geh\u00f6rt zu den Unsch\u00e4rfen, die ich mir f\u00fcr meine geplante Anlage genehmige.<\/figcaption><\/figure>\n\n\n\n<figure class=\"wp-block-image size-large\"><img decoding=\"async\" loading=\"lazy\" width=\"1024\" height=\"768\" src=\"https:\/\/kpughste.de\/wp-content\/uploads\/2023\/02\/IMG_4942-1024x768.jpeg\" alt=\"\" class=\"wp-image-16\" srcset=\"https:\/\/kpughste.de\/wp-content\/uploads\/2023\/02\/IMG_4942-1024x768.jpeg 1024w, https:\/\/kpughste.de\/wp-content\/uploads\/2023\/02\/IMG_4942-300x225.jpeg 300w, https:\/\/kpughste.de\/wp-content\/uploads\/2023\/02\/IMG_4942-768x576.jpeg 768w, https:\/\/kpughste.de\/wp-content\/uploads\/2023\/02\/IMG_4942-1536x1152.jpeg 1536w, https:\/\/kpughste.de\/wp-content\/uploads\/2023\/02\/IMG_4942.jpeg 2048w\" sizes=\"(max-width: 1024px) 100vw, 1024px\" \/><figcaption class=\"wp-element-caption\">Die S10.1 (Bauart 1914) von Roco hat ein 3D-gedrucktes Lokschild mit der Nummer &#8222;1111 MAINZ&#8220; erhalten. Gleise aus dem 3D-Drucker sind ebenfalls in Erprobung, im Vordergrund in H0m f\u00fcr die Stra\u00dfenbahn.<\/figcaption><\/figure>\n\n\n\n<figure class=\"wp-block-image size-large\"><img decoding=\"async\" loading=\"lazy\" width=\"1024\" height=\"768\" src=\"https:\/\/kpughste.de\/wp-content\/uploads\/2023\/02\/IMG_4939-1024x768.jpeg\" alt=\"\" class=\"wp-image-13\" srcset=\"https:\/\/kpughste.de\/wp-content\/uploads\/2023\/02\/IMG_4939-1024x768.jpeg 1024w, https:\/\/kpughste.de\/wp-content\/uploads\/2023\/02\/IMG_4939-300x225.jpeg 300w, https:\/\/kpughste.de\/wp-content\/uploads\/2023\/02\/IMG_4939-768x576.jpeg 768w, https:\/\/kpughste.de\/wp-content\/uploads\/2023\/02\/IMG_4939-1536x1152.jpeg 1536w, https:\/\/kpughste.de\/wp-content\/uploads\/2023\/02\/IMG_4939.jpeg 2048w\" sizes=\"(max-width: 1024px) 100vw, 1024px\" \/><figcaption class=\"wp-element-caption\">Detailaufnahme der &#8222;1111 MAINZ&#8220;.<\/figcaption><\/figure>\n\n\n\n<figure class=\"wp-block-image size-large\"><img decoding=\"async\" loading=\"lazy\" width=\"1024\" height=\"576\" src=\"https:\/\/kpughste.de\/wp-content\/uploads\/2023\/02\/IMG_5026-1024x576.jpeg\" alt=\"\" class=\"wp-image-27\" srcset=\"https:\/\/kpughste.de\/wp-content\/uploads\/2023\/02\/IMG_5026-1024x576.jpeg 1024w, https:\/\/kpughste.de\/wp-content\/uploads\/2023\/02\/IMG_5026-300x169.jpeg 300w, https:\/\/kpughste.de\/wp-content\/uploads\/2023\/02\/IMG_5026-768x432.jpeg 768w, https:\/\/kpughste.de\/wp-content\/uploads\/2023\/02\/IMG_5026-1536x864.jpeg 1536w, https:\/\/kpughste.de\/wp-content\/uploads\/2023\/02\/IMG_5026-2048x1152.jpeg 2048w\" sizes=\"(max-width: 1024px) 100vw, 1024px\" \/><figcaption class=\"wp-element-caption\">Typische Teppichbahn-Situation: eine T18 (Fleischmann) mit einem zuschlagsfreien Schnellzug (Brawa 4-achsige Abteilwagen mit Liliput Packwagen) \u00fcberholt den Roco-Nebenbahnzug, der von einer T3 gezogen wird.<\/figcaption><\/figure>\n\n\n\n<figure class=\"wp-block-image size-large\"><img decoding=\"async\" loading=\"lazy\" width=\"2048\" height=\"1280\" src=\"https:\/\/kpughste.de\/wp-content\/uploads\/2023\/02\/IMG_6160-edited.jpeg\" alt=\"\" class=\"wp-image-57\" srcset=\"https:\/\/kpughste.de\/wp-content\/uploads\/2023\/02\/IMG_6160-edited.jpeg 2048w, https:\/\/kpughste.de\/wp-content\/uploads\/2023\/02\/IMG_6160-edited-300x188.jpeg 300w, https:\/\/kpughste.de\/wp-content\/uploads\/2023\/02\/IMG_6160-edited-1024x640.jpeg 1024w, https:\/\/kpughste.de\/wp-content\/uploads\/2023\/02\/IMG_6160-edited-768x480.jpeg 768w, https:\/\/kpughste.de\/wp-content\/uploads\/2023\/02\/IMG_6160-edited-1536x960.jpeg 1536w\" sizes=\"(max-width: 2048px) 100vw, 2048px\" \/><figcaption class=\"wp-element-caption\">Einzig der Berliner Flexity st\u00f6rt die Epoche I-Teppichbahnstimmung. Die beiden AT3 stammen von Liliput, die T12 von Roco, ganz links die T9.3 von Fleischmann.<\/figcaption><\/figure>\n\n\n\n<figure class=\"wp-block-image size-large\"><img decoding=\"async\" loading=\"lazy\" width=\"1024\" height=\"768\" src=\"https:\/\/kpughste.de\/wp-content\/uploads\/2023\/02\/IMG_7423-1024x768.jpeg\" alt=\"\" class=\"wp-image-19\" srcset=\"https:\/\/kpughste.de\/wp-content\/uploads\/2023\/02\/IMG_7423-1024x768.jpeg 1024w, https:\/\/kpughste.de\/wp-content\/uploads\/2023\/02\/IMG_7423-300x225.jpeg 300w, https:\/\/kpughste.de\/wp-content\/uploads\/2023\/02\/IMG_7423-768x576.jpeg 768w, https:\/\/kpughste.de\/wp-content\/uploads\/2023\/02\/IMG_7423-1536x1152.jpeg 1536w, https:\/\/kpughste.de\/wp-content\/uploads\/2023\/02\/IMG_7423.jpeg 2048w\" sizes=\"(max-width: 1024px) 100vw, 1024px\" \/><figcaption class=\"wp-element-caption\">Fleischmann T10, umgezeichnet zur T10 7404 MAINZ, auf 3D-gedrucktem Gleis. Das Bw-Esemble soll der erste Anlagenbauversuch werden.<\/figcaption><\/figure>\n","protected":false},"excerpt":{"rendered":"<p>Hallo, ich bin eingefleischter Bahnfan. Mein besonderes Interesse gilt der Zeit kurz vor dem 1. Weltkrieg &#8211; also um 1914. Und so kam es, wie es kommen musste &#8211; ich [&hellip;]<\/p>\n","protected":false},"author":1,"featured_media":0,"parent":0,"menu_order":0,"comment_status":"closed","ping_status":"open","template":"","meta":[],"_links":{"self":[{"href":"https:\/\/kpughste.de\/index.php?rest_route=\/wp\/v2\/pages\/4"}],"collection":[{"href":"https:\/\/kpughste.de\/index.php?rest_route=\/wp\/v2\/pages"}],"about":[{"href":"https:\/\/kpughste.de\/index.php?rest_route=\/wp\/v2\/types\/page"}],"author":[{"embeddable":true,"href":"https:\/\/kpughste.de\/index.php?rest_route=\/wp\/v2\/users\/1"}],"replies":[{"embeddable":true,"href":"https:\/\/kpughste.de\/index.php?rest_route=%2Fwp%2Fv2%2Fcomments&post=4"}],"version-history":[{"count":14,"href":"https:\/\/kpughste.de\/index.php?rest_route=\/wp\/v2\/pages\/4\/revisions"}],"predecessor-version":[{"id":63,"href":"https:\/\/kpughste.de\/index.php?rest_route=\/wp\/v2\/pages\/4\/revisions\/63"}],"wp:attachment":[{"href":"https:\/\/kpughste.de\/index.php?rest_route=%2Fwp%2Fv2%2Fmedia&parent=4"}],"curies":[{"name":"wp","href":"https:\/\/api.w.org\/{rel}","templated":true}]}}